{"id":53,"date":"2025-02-26T19:05:45","date_gmt":"2025-02-26T19:05:45","guid":{"rendered":"https:\/\/ariaventus-ensemble.de\/?page_id=53"},"modified":"2026-05-05T17:38:13","modified_gmt":"2026-05-05T17:38:13","slug":"konzertkalender","status":"publish","type":"page","link":"https:\/\/ariaventus-ensemble.de\/?page_id=53","title":{"rendered":"Konzertkalender"},"content":{"rendered":"\n<p class=\"has-x-large-font-size\"><strong>Anstehende Konzerte<\/strong><\/p>\n\n\n\n<div style=\"height:0px\" aria-hidden=\"true\" class=\"wp-block-spacer\"><\/div>\n\n\n\n<p><strong><mark style=\"background-color:rgba(0, 0, 0, 0)\" class=\"has-inline-color has-contrast-color\">17<\/mark>.06.2026<\/strong> 19:30<\/p>\n\n\n\n<p><strong>Konzert der Bl\u00e4serakademie<\/strong> mit <em>Neuf pi\u00e8ces charact\u00e9ristiques<\/em> von Jean Francaix<\/p>\n\n\n\n<p>HMT, Grassistra\u00dfe 8, Gro\u00dfer Saal<\/p>\n\n\n\n<p><a href=\"https:\/\/www.hmt-leipzig.de\/veranstaltungen\">https:\/\/www.hmt-leipzig.de\/veranstaltungen<\/a><\/p>\n\n\n\n<p><\/p>\n\n\n\n<div style=\"height:0px\" aria-hidden=\"true\" class=\"wp-block-spacer\"><\/div>\n\n\n\n<p><strong><mark style=\"background-color:rgba(0, 0, 0, 0)\" class=\"has-inline-color has-contrast-color\">25<\/mark>.10.2026<\/strong> 14:00<\/p>\n\n\n\n<p><strong>Voices for Freedom and Justice <\/strong><\/p>\n\n\n\n<p>Grieg-Begegnungsst\u00e4tte, Talstra\u00dfe 10, 04103 Leipzig<\/p>\n\n\n\n<p><a href=\"https:\/\/tacheles.sachsen.de\/en\/events\/voices-for-freedom-and-justice\">https:\/\/tacheles.sachsen.de\/en\/events\/voices-for-freedom-and-justice<\/a><\/p>\n\n\n\n<p><\/p>\n\n\n\n<div style=\"height:31px\" aria-hidden=\"true\" class=\"wp-block-spacer\"><\/div>\n\n\n\n<hr class=\"wp-block-separator has-alpha-channel-opacity is-style-dots\"\/>\n\n\n\n<div style=\"height:31px\" aria-hidden=\"true\" class=\"wp-block-spacer\"><\/div>\n\n\n\n<p class=\"has-x-large-font-size\"><strong>Vergangene Konzerte<\/strong><\/p>\n\n\n\n<div style=\"height:31px\" aria-hidden=\"true\" class=\"wp-block-spacer\"><\/div>\n\n\n\n<p><strong>09.01.2026<\/strong> <strong>10:45-11:30<\/strong><\/p>\n\n\n\n<p><strong>Felix Mendelssohn Bartholdy Hochschulwettbewerb<\/strong> Finalrunde<\/p>\n\n\n\n<p><em><em>Joseph-Joachim-Konzertsaal<\/em>, Universit\u00e4t der K\u00fcnste Berlin<\/em><\/p>\n\n\n\n<div style=\"height:31px\" aria-hidden=\"true\" class=\"wp-block-spacer\"><\/div>\n\n\n\n<p><strong>07.01.2026<\/strong> <strong>10:40-11:15<\/strong><\/p>\n\n\n\n<p><strong>Felix Mendelssohn Bartholdy Hochschulwettbewerb<\/strong> 1. Runde<\/p>\n\n\n\n<p><em><em>Joseph-Joachim-Konzertsaal<\/em>, Universit\u00e4t der K\u00fcnste Berlin<\/em><\/p>\n\n\n\n<div style=\"height:31px\" aria-hidden=\"true\" class=\"wp-block-spacer\"><\/div>\n\n\n\n<p><strong>19.11.2025 19:30<\/strong><\/p>\n\n\n\n<p><strong>Quintettabend<\/strong> im Caf\u00e9 Zille<\/p>\n\n\n\n<p><em>Caf\u00e9 Zille, Naumburg<\/em><\/p>\n\n\n\n<div style=\"height:30px\" aria-hidden=\"true\" class=\"wp-block-spacer\"><\/div>\n\n\n\n<p><strong>18.11.2025 18:00<\/strong><\/p>\n\n\n\n<p><strong>Musik trifft Medizin<\/strong><\/p>\n\n\n\n<p><em><em>Kardiopraxis Klein, Leipzig<\/em><\/em><\/p>\n\n\n\n<div style=\"height:30px\" aria-hidden=\"true\" class=\"wp-block-spacer\"><\/div>\n\n\n\n<p><strong>26.10.2025 17:00<\/strong><\/p>\n\n\n\n<p><strong>Brahmsrequiem <\/strong>in kammermusikalischer Fassung<\/p>\n\n\n\n<p><em>Michaeliskirche Leipzig<\/em><\/p>\n\n\n\n<div style=\"height:30px\" aria-hidden=\"true\" class=\"wp-block-spacer\"><\/div>\n\n\n\n<p><strong>19.07.2025 19:00<\/strong><\/p>\n\n\n\n<p><strong>Sommerfest <\/strong>des ostfriesischen Wirtschaftsclubs<\/p>\n\n\n\n<p><em>Aurich<\/em><\/p>\n\n\n\n<div style=\"height:30px\" aria-hidden=\"true\" class=\"wp-block-spacer\"><\/div>\n\n\n\n<p><strong>27.06.2025 19:00<\/strong><\/p>\n\n\n\n<p><strong>Kultursommerkonzert<\/strong><\/p>\n\n\n\n<p><em>Ev.-Lutherische Kirchgemeinde B\u00f6hlitz-Ehrenberg<\/em><\/p>\n\n\n\n<div style=\"height:26px\" aria-hidden=\"true\" class=\"wp-block-spacer\"><\/div>\n\n\n\n<p><strong>09.02.2025 11:00<\/strong><\/p>\n\n\n\n<p><strong>Matin\u00e9e der Kammermusikklasse Prof. Diethelm Jonas<\/strong><\/p>\n\n\n\n<p><em>Kammermusiksaal der Hochschule f\u00fcr Musik und Theater &#8222;Felix Mendelssohn Bartholdy&#8220; Leipzig<\/em><\/p>\n\n\n\n<div style=\"height:26px\" aria-hidden=\"true\" class=\"wp-block-spacer\"><\/div>\n\n\n\n<p><strong>08.02.2025 17:00<\/strong><\/p>\n\n\n\n<p><strong>Kirchenkonzert \u201ePerlen der Blasmusik\u201c<\/strong><\/p>\n\n\n\n<p><em>Kirchgemeinde Gundorf<\/em><\/p>\n\n\n\n<div style=\"height:15px\" aria-hidden=\"true\" class=\"wp-block-spacer\"><\/div>\n\n\n\n<p><strong>20.11.2024 18:00<\/strong><\/p>\n\n\n\n<p><strong>Musik trifft Medizin<\/strong> ariaventus ensemble + Carolina Klein<\/p>\n\n\n\n<p><em>Kardiopraxis Klein, Leipzig<\/em><\/p>\n\n\n\n<div style=\"height:15px\" aria-hidden=\"true\" class=\"wp-block-spacer\"><\/div>\n\n\n\n<p><strong>08.05.2024 18:00<\/strong><\/p>\n\n\n\n<p><strong>Musik trifft Medizin<\/strong> quintettabend<\/p>\n\n\n\n<p><em>Kardiopraxis Klein, Leipzig<\/em><\/p>\n\n\n\n<div style=\"height:15px\" aria-hidden=\"true\" class=\"wp-block-spacer\"><\/div>\n","protected":false},"excerpt":{"rendered":"<p>Anstehende Konzerte 17.06.2026 19:30 Konzert der Bl\u00e4serakademie mit Neuf pi\u00e8ces charact\u00e9ristiques von Jean Francaix HMT, Grassistra\u00dfe 8, Gro\u00dfer Saal https:\/\/www.hmt-leipzig.de\/veranstaltungen 25.10.2026 14:00 Voices for Freedom and Justice Grieg-Begegnungsst\u00e4tte, Talstra\u00dfe 10, 04103 Leipzig https:\/\/tacheles.sachsen.de\/en\/events\/voices-for-freedom-and-justice Vergangene Konzerte 09.01.2026 10:45-11:30 Felix Mendelssohn Bartholdy Hochschulwettbewerb Finalrunde Joseph-Joachim-Konzertsaal, Universit\u00e4t der K\u00fcnste Berlin 07.01.2026 10:40-11:15 Felix Mendelssohn Bartholdy Hochschulwettbewerb 1. Runde [&hellip;]<\/p>\n","protected":false},"author":1,"featured_media":111,"parent":0,"menu_order":0,"comment_status":"closed","ping_status":"closed","template":"","meta":{"footnotes":""},"class_list":["post-53","page","type-page","status-publish","has-post-thumbnail","hentry"],"_links":{"self":[{"href":"https:\/\/ariaventus-ensemble.de\/index.php?rest_route=\/wp\/v2\/pages\/53","targetHints":{"allow":["GET"]}}],"collection":[{"href":"https:\/\/ariaventus-ensemble.de\/index.php?rest_route=\/wp\/v2\/pages"}],"about":[{"href":"https:\/\/ariaventus-ensemble.de\/index.php?rest_route=\/wp\/v2\/types\/page"}],"author":[{"embeddable":true,"href":"https:\/\/ariaventus-ensemble.de\/index.php?rest_route=\/wp\/v2\/users\/1"}],"replies":[{"embeddable":true,"href":"https:\/\/ariaventus-ensemble.de\/index.php?rest_route=%2Fwp%2Fv2%2Fcomments&post=53"}],"version-history":[{"count":26,"href":"https:\/\/ariaventus-ensemble.de\/index.php?rest_route=\/wp\/v2\/pages\/53\/revisions"}],"predecessor-version":[{"id":256,"href":"https:\/\/ariaventus-ensemble.de\/index.php?rest_route=\/wp\/v2\/pages\/53\/revisions\/256"}],"wp:featuredmedia":[{"embeddable":true,"href":"https:\/\/ariaventus-ensemble.de\/index.php?rest_route=\/wp\/v2\/media\/111"}],"wp:attachment":[{"href":"https:\/\/ariaventus-ensemble.de\/index.php?rest_route=%2Fwp%2Fv2%2Fmedia&parent=53"}],"curies":[{"name":"wp","href":"https:\/\/api.w.org\/{rel}","templated":true}]}}