{"id":2,"date":"2016-05-10T03:48:21","date_gmt":"2016-05-10T03:48:21","guid":{"rendered":"http:\/\/ariaventus-ensemble.de\/?page_id=2"},"modified":"2026-02-18T18:47:12","modified_gmt":"2026-02-18T18:47:12","slug":"sample-page","status":"publish","type":"page","link":"https:\/\/ariaventus-ensemble.de\/?page_id=2","title":{"rendered":"\u00dcber uns"},"content":{"rendered":"\n<details class=\"wp-block-details is-style-default has-x-large-font-size is-layout-flow wp-block-details-is-layout-flow\"><summary>Ensemblebiografie<\/summary>\n<p class=\"has-medium-font-size\"><em>ariaventus ensemble<\/em><\/p>\n\n\n\n<p class=\"has-medium-font-size\"><em>Das ariaventus ensemble wurde 2024 in Leipzig gegr\u00fcndet und setzt sich aus Lisa Marie Klein (Fl\u00f6te), Stella Heutling (Oboe), Carl Steppes (Klarinette), Caroline Renz (Horn) und Johann Heller (Fagott) zusammen. Das Ensemble erh\u00e4lt Kammermusikunterricht in der Klasse von Prof. Liana Lessmann in Leipzig.<\/em><\/p>\n\n\n\n<p class=\"has-medium-font-size\"><em>Die Mitglieder befinden sich derzeit im Bachelor- sowie Masterstudium an der Hochschule f\u00fcr Musik und Theater Leipzig &#8222;Felix Mendelssohn Bartholdy&#8220;, an der Hochschule f\u00fcr Musik und Theater Rostock sowie der Hochschule f\u00fcr Musik N\u00fcrnberg. <\/em><\/p>\n\n\n\n<p class=\"has-medium-font-size\"><em>Bereits seit mehreren Jahren kennen sich drei der Ensemblemitglieder unter anderem aus dem Landesjugendorchester Sachsen. Durch ihr Studium, gemeinsame Auftritte in verschiedenen Ensembles und die Teilnahme an Orchesterprojekten entwickelten sich zwischen allen Instrumentalist:innen nicht nur enge Freundschaften, sondern auch ein besonderes Harmonieren auf musikalischer Ebene. Der Wunsch nach einer konstanten Kammermusikformation f\u00fchrte schlie\u00dflich zur Gr\u00fcndung des jungen Bl\u00e4serquintetts &#8222;ariaventus ensemble&#8220;. <\/em><\/p>\n\n\n\n<p class=\"has-medium-font-size\"><em>Seit der Gr\u00fcndung hat das Quintett inspirierende Impulse von renommierten Professoren wie Prof. Diethelm Jonas, Prof. Anna Garzuly-Wahlgren, Prof. Thomas Hauschild und Prof. David Petersen erhalten. <\/em><\/p>\n\n\n\n<p class=\"has-medium-font-size\"><em>Alle Mitglieder des ariaventus ensembles sind mehrfache Bundespreistr\u00e4ger:innen des Wettbewerbs &#8222;Jugend musiziert&#8220;. Dar\u00fcber hinaus haben einige von ihnen internationale Preise gewonnen und F\u00f6rderungen von namhaften deutschen Stiftungen erhalten.<\/em><\/p>\n\n\n\n<p class=\"has-medium-font-size\"><em>Das Ensemble erreichte beim Felix Mendelssohn Bartholdy Hochschulwettbewerb 2026 in Berlin in der Kategorie &#8222;Kammermusik mit Blasinstrumenten&#8220; die Finalrunde.<\/em><\/p>\n<\/details>\n\n\n\n<details class=\"wp-block-details has-x-large-font-size is-layout-flow wp-block-details-is-layout-flow\"><summary>Einzelbiografien<\/summary>\n<details class=\"wp-block-details has-large-font-size is-layout-flow wp-block-details-is-layout-flow\"><summary>Lisa Marie Klein (Fl\u00f6te)<\/summary>\n<p class=\"has-medium-font-size\">Lisa Marie Klein ist eine aus Leipzig stammende Fl\u00f6tistin. Seit dem Wintersemester 2023 studierte sie an der Hochschule f\u00fcr Musik Franz Liszt Weimar bei Prof. Anna Garzuly Wahlgren und seit dem Sommersemester 2024 an der Hochschule f\u00fcr Musik und Theater Leipzig. Sie sammelte bereits umfassende Orchestererfahrung und musizierte mit Ensembles wie dem Jugendsinfonieorchester Leipzig, dem Landesjugendorchester Sachsen, der Jungen Kammerphilharmonie Sachsen, <em>amici musicae <\/em>Orchester, dem Mitteldeutschen Kammerorchester, dem S\u00e4chsischen Barockorchester sowie dem Gohliser Kammerorchester, welches aus Musiker*innen des Gewandhausorchesters und des MDR-Sinfonieorchesters besteht. Schon vor ihrem Studium konzertierte sie mit Musiker*innen des Gewandhausorchesters und des MDR-Sinfonieorchesters. Als Mitglied des Jugendsinfonieorchesters Leipzig unternahm sie Konzertreisen nach Griechenland sowie durch Norddeutschland und D\u00e4nemark. Neben ihrer Orchesterarbeit ist Lisa Marie Klein kammermusikalisch sehr engagiert. Seit 2012 nimmt sie regelm\u00e4\u00dfig erfolgreich am Wettbewerb \u201eJugend musiziert\u201c teil und wurde mehrfach auf Bundesebene ausgezeichnet \u2013 sowohl solistisch als auch mit ihrem Fl\u00f6tenensemble <em>Flautissimo<\/em>. Seit 2024 ist sie Mitglied und Begr\u00fcnderin des Holzbl\u00e4serquintetts <em>ariaventus ensemble. <\/em>F\u00fcr ihre musikalischen Leistungen wurde sie mehrfach ausgezeichnet, darunter mit dem Jugendf\u00f6rderpreis f\u00fcr Kammermusik und Klavier (2022) sowie einem dritten Preis beim Internationalen Malopolska Fl\u00f6tenwettbewerb (2024). Seit 2017 erh\u00e4lt sie eine F\u00f6rderung im Rahmen der Begabtenf\u00f6rderung des Landes Sachsen und ist seit 2024 Stipendiatin der Stiftung Yehudi Menuhin \u2013 Live Music Now Leipzig. Im Januar 2025 gab sie ihr Deb\u00fct als Solistin mit dem Leipziger \u00c4rzteorchester. Wichtige k\u00fcnstlerische Impulse erhielt sie auf Meisterkursen von Henrik Wiese, Prof. Mario Caroli, Prof. Gaby Pas-van Riet, Prof. Wally Hase und Prof. Christina Fassbender.&nbsp;<\/p>\n<\/details>\n\n\n\n<details class=\"wp-block-details has-large-font-size is-layout-flow wp-block-details-is-layout-flow\"><summary>Stella Heutling (Oboe)<\/summary>\n<p class=\"has-medium-font-size\">Mit zehn Jahren entdeckte Stella Heutling die Oboe und mit dieser schnell ihre gro\u00dfe Freude an der Musik. Oboenunterricht erhielt sie als Jugendliche anfangs von Barbara Hintermeier und sp\u00e4ter von Irene Draxinger. 2019 begann sie ihr Bachelorstudium an der Hochschule f\u00fcr Musik und Theater \u201eFelix Mendelssohn Bartholdy\u201d Leipzig in der Klasse von Professor Nick Deutsch und schloss dieses 2024 mit Auszeichnung ab. W\u00e4hrend eines Auslandsjahres in Israel studierte sie im Studienjahr 2021\/22 bei Dudu Carmel an der \u201eBuchmann-Metha\u201d school of music.&nbsp;<br>Seit Herbst 2024 setzt Stella ihr Studium im Master bei Professorin Clara Dent-Bog\u00e1nyi an der Musikhochschule N\u00fcrnberg fort. Orchestererfahrung konnte sie unter anderem als Praktikantin des Israel Philharmonic Orchestra sammeln und spielte als Aushilfe mit Orchestern wie dem Leipziger Symphonieorchester und den N\u00fcrnberger Symphonikern. 2018 erhielt sie einen zweiten Preis im Bundeswettbewerb \u201eJugend musiziert\u201d.<br>Die besondere Welt der Kammermusik begleitet Stella von Beginn an. In zahlreichen Musikferienwochen im Bayerischen Wald und auf dem Jolimont in der Schweiz, konnte sie schon als Jugendliche wertvolle Erfahrung im kammermusikalischen Musizieren erlangen. Nun ist sie Gr\u00fcndungsmitglied des jungen Bl\u00e4serquintettes \u201eariaventus ensemble\u201d.<\/p>\n<\/details>\n\n\n\n<details class=\"wp-block-details has-large-font-size is-layout-flow wp-block-details-is-layout-flow\"><summary>Carl Steppes (Klarinette)<\/summary>\n<p class=\"has-medium-font-size\">Carl Steppes, geb. 2004, studiert seit Oktober 2022 bei Prof. Johannes Gmeinder an der Hochschule f\u00fcr Musik und Theater \u201eFelix Mendelssohn Bartholdy\u201c Leipzig. Seine musikalische Ausbildung begann bereits mit 5 Jahren an der Musikschule Leipzig \u201eJohann Sebastian Bach\u201c, zun\u00e4chst mit der Blockfl\u00f6te. Klarinettenunterricht erhielt er seit 2013, u.a. bei Edgar He\u00dfke. Er ist sowohl in Solo- als auch Kammermusikwertungen mehrfacher Bundespreistr\u00e4ger bei \u201eJugend Musiziert\u201c, darunter ein 1. Bundespreis im Fach Klarinette solo. Als langj\u00e4hriges Mitglied des Jugendsinfonieorchesters Leipzig machte er erste Orchestererfahrungen, u.a. auf Konzertreisen nach Japan, Griechenland und D\u00e4nemark. Weitere Konzerterfahrungen, auch als Soloklarinettist, sammelte er mit dem LJO Sachsen, der Jungen Kammerphilharmonie Sachsen, dem Mendelssohn Kammerorchester Leipzig und den Leipziger Philharmonikern. Auftritte f\u00fchrten ihn in wichtige Konzerts\u00e4le wie das Gewandhaus zu Leipzig, den Wiener Musikverein, die Berliner Philharmonie, die Tonhalle D\u00fcsseldorf, die Elbphilharmonie und den Kulturpalast Dresden. Er war Stipendiat bei den Internationalen Starnberger Musiktagen 2023. Seit Februar 2025 ist Carl Steppes Teil der Orchesterakademie des Philharmonischen Staatsorchesters Hamburg.<\/p>\n<\/details>\n\n\n\n<details class=\"wp-block-details has-large-font-size is-layout-flow wp-block-details-is-layout-flow\"><summary>Johann Heller (Fagott)<\/summary>\n<p class=\"has-medium-font-size\">Johann Anders Heller, geboren 2003, studiert seit 2022 Fagott bei Prof. David Petersen an der Hochschule f\u00fcr Musik und Theater Rostock. Er sammelte bereits Orchestererfahrungen als Aushilfe in der Neuen Philharmonie Frankfurt, der Sinfonia Leipzig und der Neubrandenburger Philharmonie sowie durch ein Praktikum bei der Norddeutschen Philharmonie Rostock. Johann ist sechsfacher Bundespreistr\u00e4ger des Wettbewerbs \u201eJugend musiziert&#8220;, darunter der 1. Preis in der Solowertung Fagott im Jahr 2022. Zudem erreichte er den 2. Preis bei der VIII Stockholm International Music Competition. Seine musikalische Laufbahn wird durch die Oscar und Vera Ritter- Stiftung sowie YEHUDI MENUHIN &#8211; Live Music Now Rostock gef\u00f6rdert.<br>Als Solist trat Johann mit der Norddeutschen Philharmonie Rostock sowie der Neubrandenburger Philharmonie auf. Zudem ist er Gr\u00fcndungsmitglied des<br>2024 ins Leben gerufenen Bl\u00e4serquintetts \u201eariaventus ensemble&#8220;. Wertvolle k\u00fcnstlerische Impulse erhielt er in Meisterkursen bei renommierten Fagottisten wie<br>Marc Tr\u00e9nel, Prof. Klaus Thunemann und Prof. Carlo Colombo.<\/p>\n\n\n\n<p class=\"has-medium-font-size\"><\/p>\n<\/details>\n\n\n\n<details class=\"wp-block-details has-large-font-size is-layout-flow wp-block-details-is-layout-flow\"><summary>Caroline Renz (Horn)<\/summary>\n<p class=\"has-medium-font-size\">Caroline Renz, geboren 2003, studiert seit September 2022 Horn in der Klasse von Prof. Thomas Hauschild an der Hochschule f\u00fcr Musik und Theater \u201eFelix Mendelssohn Bartholdy\u201c in Leipzig. Seit September 2023 widmet sie sich zudem dem Naturhornstudium in der Klasse von Stephan Katte.<br>Ihre musikalische Ausbildung am Horn begann nach vorausgegangenem Cello- und Klavierunterricht mit 12 Jahren. Zwischen 2015 und 2022 erhielt sie Hornunterricht bei Joaquim Palet in Oldenburg. Besonders hervorzuheben sind in diesem Zeitraum zwei Solokonzerte mit dem Jugendorchester Oldenburg.<br>Neben ihrer solistischen Ausbildung engagiert sich Caroline Renz intensiv in der Ensemblearbeit. So erhielt sie mit zwei Ensembles Bundespreise bei Jugend musiziert und war lange Mitglied im Nieders\u00e4chsischen Landesjugendsinfonieorchester. Sie besuchte zahlreiche Kurse wie die Brass Academy Riga, die Sommermusikakademie Schloss Hundisburg, den deutschen Kammermusikkurs Jugend musiziert und zuletzt einen Harmoniemusikkurs auf historischen Instrumenten. Dar\u00fcber hinaus konnten ihr Meisterkurse mit Olivier Darbellay, Mikl\u00f2s Tak\u00e0cs, Prof. Are Sandbakken, Prof. Christian Lampert, Philipp R\u00f6mer, Carsten Duffin, Horst Ziegler und Prof. Johannes Hinterholzer wertvolle Impulse zur k\u00fcnstlerischen Weiterentwicklung geben.<br>Caroline Renz ist Stipendiatin der Hans-B\u00f6ckler-Stiftung und, ebenfalls wie Carl Steppes, Lisa Marie Klein, Stella Heutling und Johann Heller, Gr\u00fcndungsmitglied des ariaventus ensemble.<\/p>\n\n\n\n<p class=\"has-medium-font-size\"><\/p>\n<\/details>\n<\/details>\n","protected":false},"excerpt":{"rendered":"","protected":false},"author":1,"featured_media":44,"parent":0,"menu_order":0,"comment_status":"closed","ping_status":"open","template":"","meta":{"footnotes":""},"class_list":["post-2","page","type-page","status-publish","has-post-thumbnail","hentry"],"_links":{"self":[{"href":"https:\/\/ariaventus-ensemble.de\/index.php?rest_route=\/wp\/v2\/pages\/2","targetHints":{"allow":["GET"]}}],"collection":[{"href":"https:\/\/ariaventus-ensemble.de\/index.php?rest_route=\/wp\/v2\/pages"}],"about":[{"href":"https:\/\/ariaventus-ensemble.de\/index.php?rest_route=\/wp\/v2\/types\/page"}],"author":[{"embeddable":true,"href":"https:\/\/ariaventus-ensemble.de\/index.php?rest_route=\/wp\/v2\/users\/1"}],"replies":[{"embeddable":true,"href":"https:\/\/ariaventus-ensemble.de\/index.php?rest_route=%2Fwp%2Fv2%2Fcomments&post=2"}],"version-history":[{"count":22,"href":"https:\/\/ariaventus-ensemble.de\/index.php?rest_route=\/wp\/v2\/pages\/2\/revisions"}],"predecessor-version":[{"id":254,"href":"https:\/\/ariaventus-ensemble.de\/index.php?rest_route=\/wp\/v2\/pages\/2\/revisions\/254"}],"wp:featuredmedia":[{"embeddable":true,"href":"https:\/\/ariaventus-ensemble.de\/index.php?rest_route=\/wp\/v2\/media\/44"}],"wp:attachment":[{"href":"https:\/\/ariaventus-ensemble.de\/index.php?rest_route=%2Fwp%2Fv2%2Fmedia&parent=2"}],"curies":[{"name":"wp","href":"https:\/\/api.w.org\/{rel}","templated":true}]}}